{"id":478,"date":"2016-05-01T10:59:43","date_gmt":"2016-05-01T08:59:43","guid":{"rendered":"http:\/\/byeric.de\/?page_id=478"},"modified":"2025-09-01T18:29:18","modified_gmt":"2025-09-01T16:29:18","slug":"byeric","status":"publish","type":"page","link":"https:\/\/byeric.de\/","title":{"rendered":"byEric"},"content":{"rendered":"<figure id=\"attachment_479\" aria-describedby=\"caption-attachment-479\" style=\"width: 239px\" class=\"wp-caption alignleft\"><img loading=\"lazy\" decoding=\"async\" class=\"wp-image-479\" src=\"http:\/\/byeric.de\/wp-content\/uploads\/2016\/05\/DSC_0502-684x1024.jpg\" alt=\"DSC_0502\" width=\"239\" height=\"358\" srcset=\"https:\/\/byeric.de\/wp-content\/uploads\/2016\/05\/DSC_0502-684x1024.jpg 684w, https:\/\/byeric.de\/wp-content\/uploads\/2016\/05\/DSC_0502-201x300.jpg 201w, https:\/\/byeric.de\/wp-content\/uploads\/2016\/05\/DSC_0502-768x1149.jpg 768w, https:\/\/byeric.de\/wp-content\/uploads\/2016\/05\/DSC_0502.jpg 2000w\" sizes=\"auto, (max-width: 239px) 100vw, 239px\" \/><figcaption id=\"caption-attachment-479\" class=\"wp-caption-text\">Foto: Anke Dreher<\/figcaption><\/figure>\n<p><strong>feet your innovation<\/strong><\/p>\n<p>Wir unterst\u00fctzen Dich ganz individuell beim Umsetzen Deiner Ideen. Ob mit Studio, Musikern, Produzenten, \u00a0Sei es Recording Deiner Band, produzieren Deines Songs, programmieren Deines Beats,&#8230;<\/p>\n<p>Wir bieten Dir ein Studio mit grandios klingendem Aufnahmeraum und Zeitgem\u00e4\u00dfer Technik, Kontakte zu hervorragenden Musikern und ein individuelles, Deinen Bed\u00fcrfnissen entsprechendes Konzept.<\/p>\n","protected":false},"excerpt":{"rendered":"<p>feet your innovation Wir unterst\u00fctzen Dich ganz individuell beim Umsetzen Deiner Ideen. Ob mit Studio, Musikern, Produzenten, \u00a0Sei es Recording Deiner Band, produzieren Deines Songs, programmieren Deines Beats,&#8230; Wir bieten Dir ein Studio mit grandios klingendem Aufnahmeraum und Zeitgem\u00e4\u00dfer Technik, Kontakte zu hervorragenden Musikern und ein individuelles, Deinen Bed\u00fcrfnissen entsprechendes Konzept.<\/p>\n","protected":false},"author":1,"featured_media":0,"parent":0,"menu_order":0,"comment_status":"closed","ping_status":"closed","template":"","meta":{"footnotes":""},"class_list":["post-478","page","type-page","status-publish","hentry"],"_links":{"self":[{"href":"https:\/\/byeric.de\/index.php?rest_route=\/wp\/v2\/pages\/478","targetHints":{"allow":["GET"]}}],"collection":[{"href":"https:\/\/byeric.de\/index.php?rest_route=\/wp\/v2\/pages"}],"about":[{"href":"https:\/\/byeric.de\/index.php?rest_route=\/wp\/v2\/types\/page"}],"author":[{"embeddable":true,"href":"https:\/\/byeric.de\/index.php?rest_route=\/wp\/v2\/users\/1"}],"replies":[{"embeddable":true,"href":"https:\/\/byeric.de\/index.php?rest_route=%2Fwp%2Fv2%2Fcomments&post=478"}],"version-history":[{"count":20,"href":"https:\/\/byeric.de\/index.php?rest_route=\/wp\/v2\/pages\/478\/revisions"}],"predecessor-version":[{"id":636,"href":"https:\/\/byeric.de\/index.php?rest_route=\/wp\/v2\/pages\/478\/revisions\/636"}],"wp:attachment":[{"href":"https:\/\/byeric.de\/index.php?rest_route=%2Fwp%2Fv2%2Fmedia&parent=478"}],"curies":[{"name":"wp","href":"https:\/\/api.w.org\/{rel}","templated":true}]}}